{"id":2842,"date":"2021-07-06T15:03:10","date_gmt":"2021-07-06T15:03:10","guid":{"rendered":"https:\/\/centredentaireanjou.ca\/?page_id=2842"},"modified":"2021-07-27T13:33:48","modified_gmt":"2021-07-27T13:33:48","slug":"site-map","status":"publish","type":"page","link":"https:\/\/centredentaireanjou.ca\/en\/site-map\/","title":{"rendered":"Site map"},"content":{"rendered":"<div class=\"vce-row-container\" data-vce-boxed-width=\"true\"><div class=\"vce-row vce-row--col-gap-30 vce-row-equal-height vce-row-content--top\" id=\"el-1d7b1fc2\" data-vce-do-apply=\"all el-1d7b1fc2\"><div class=\"vce-content-background-container\"><\/div><div class=\"vce-row-content\" data-vce-element-content=\"true\"><div class=\"vce-col vce-col--md-auto vce-col--xs-1 vce-col--xs-last vce-col--xs-first vce-col--sm-last vce-col--sm-first vce-col--md-last vce-col--lg-last vce-col--xl-last vce-col--md-first vce-col--lg-first vce-col--xl-first\" id=\"el-e01c9739\"><div class=\"vce-col-inner\" data-vce-do-apply=\"border margin background  el-e01c9739\"><div class=\"vce-col-content\" data-vce-element-content=\"true\" data-vce-do-apply=\"padding el-e01c9739\"><div class=\"vce-single-image-container vce-single-image--align-center\"><div class=\"vce vce-single-image-wrapper\" id=\"el-39629577\" data-vce-do-apply=\"all el-39629577\"><figure><div class=\"vce-single-image-inner vce-single-image--absolute\" style=\"padding-bottom: 49.4792%; width: 1920px;\"><img decoding=\"async\" class=\"vce-single-image\" src=\"https:\/\/centredentaireanjou.ca\/wp-content\/uploads\/2021\/05\/header-contact.jpg\" data-img-src=\"https:\/\/centredentaireanjou.ca\/wp-content\/uploads\/2021\/05\/header-contact.jpg\" alt=\"header-contact\" title=\"header-contact\"><\/div><figcaption hidden=\"\"><\/figcaption><\/figure><\/div><\/div><div class=\"vce-row-container\" data-vce-boxed-width=\"true\"><div class=\"vce-row vce-row--col-gap-30 header-title vce-row-equal-height vce-row-content--top\" id=\"el-c3ea6a10\" data-vce-do-apply=\"all el-c3ea6a10\"><div class=\"vce-row-content\" data-vce-element-content=\"true\"><div class=\"vce-col vce-col--md-auto vce-col--xs-1 vce-col--xs-last vce-col--xs-first vce-col--sm-last vce-col--sm-first vce-col--md-last vce-col--lg-last vce-col--xl-last vce-col--md-first vce-col--lg-first vce-col--xl-first\" id=\"el-55fd30c9\"><div class=\"vce-col-inner\" data-vce-do-apply=\"border margin background  el-55fd30c9\"><div class=\"vce-col-content\" data-vce-element-content=\"true\" data-vce-do-apply=\"padding el-55fd30c9\"><div class=\"vce-text-block\"><div class=\"vce-text-block-wrapper vce\" id=\"el-258bc0a4\" data-vce-do-apply=\"all el-258bc0a4\"><h1>Site map<\/h1><\/div><\/div><\/div><\/div><\/div><\/div><\/div><\/div><\/div><\/div><\/div><\/div><\/div><\/div><div class=\"vce-row-container\" data-vce-boxed-width=\"true\"><div class=\"vce-row vce-element--has-background vce-row--col-gap-30 vce-row-equal-height vce-row-content--top\" id=\"el-e13d4c3a\" data-vce-do-apply=\"all el-e13d4c3a\"><div class=\"vce-content-background-container\"><\/div><div class=\"vce-row-content\" data-vce-element-content=\"true\"><div class=\"vce-col vce-col--md-auto vce-col--xs-1 vce-col--xs-last vce-col--xs-first vce-col--sm-last vce-col--sm-first vce-col--md-last vce-col--lg-last vce-col--xl-last vce-col--md-first vce-col--lg-first vce-col--xl-first\" id=\"el-76e30315\"><div class=\"vce-col-inner\" data-vce-do-apply=\"border margin background  el-76e30315\"><div class=\"vce-col-content\" data-vce-element-content=\"true\" data-vce-do-apply=\"padding el-76e30315\"><div class=\"vce-row-container\" data-vce-boxed-width=\"true\"><div class=\"vce-row vce-row--col-gap-0 contact-bloc vce-row-equal-height vce-row-content--top\" id=\"el-fb16114a\" data-vce-do-apply=\"all el-fb16114a\"><div class=\"vce-content-background-container\"><\/div><div class=\"vce-row-content\" data-vce-element-content=\"true\"><div class=\"vce-col vce-col--md-auto vce-col--xs-1 vce-col--xs-last vce-col--xs-first vce-col--sm-last vce-col--sm-first vce-col--md-last vce-col--lg-last vce-col--xl-last vce-col--md-first vce-col--lg-first vce-col--xl-first\" id=\"el-ff56bf3e\"><div class=\"vce-col-inner\" data-vce-do-apply=\"border margin background  el-ff56bf3e\"><div class=\"vce-col-content\" data-vce-element-content=\"true\" data-vce-do-apply=\"padding el-ff56bf3e\"><div class=\"vce-row-container\" data-vce-boxed-width=\"true\"><div class=\"vce-row vce-row--col-gap-0 vce-row-equal-height vce-row-content--top\" id=\"el-1daf3ef6\" data-vce-do-apply=\"all el-1daf3ef6\"><div class=\"vce-row-content\" data-vce-element-content=\"true\"><div class=\"vce-col vce-col--md-auto vce-col--xs-1 vce-col--xs-last vce-col--xs-first vce-col--sm-last vce-col--sm-first vce-col--md-first vce-col--lg-first vce-col--xl-first\" id=\"el-3d2bf9a5\"><div class=\"vce-col-inner\" data-vce-do-apply=\"border margin background  el-3d2bf9a5\"><div class=\"vce-col-content\" data-vce-element-content=\"true\" data-vce-do-apply=\"padding el-3d2bf9a5\"><div class=\"vce-text-block\"><div class=\"vce-text-block-wrapper vce\" id=\"el-c485c2d6\" data-vce-do-apply=\"all el-c485c2d6\"><p><img decoding=\"async\" class=\"middle img-tel\" src=\"\/wp-content\/themes\/vsc-theme\/images\/contact-tel.svg\"><a class=\"fs-28 lh-30 fs-20-mobile bleu bold no-underline middle\" href=\"tel:(514) 254-2000\">(514) 254-2000<\/a><\/p><\/div><\/div><\/div><\/div><\/div><div class=\"vce-col vce-col--md-auto vce-col--xs-1 vce-col--xs-last vce-col--xs-first vce-col--sm-last vce-col--sm-first vce-col--md-last vce-col--lg-last vce-col--xl-last\" id=\"el-5554a066\"><div class=\"vce-col-inner\" data-vce-do-apply=\"border margin background  el-5554a066\"><div class=\"vce-col-content\" data-vce-element-content=\"true\" data-vce-do-apply=\"padding el-5554a066\"><div class=\"vce-text-block mt-25 btn-rendez-vous\"><div class=\"vce-text-block-wrapper vce\" id=\"el-73a7c69b\" data-vce-do-apply=\"all el-73a7c69b\"><p><a href=\"\/contact\">rendez-vous en ligne<\/a><\/p><\/div><\/div><\/div><\/div><\/div><\/div><\/div><\/div><\/div><\/div><\/div><\/div><\/div><\/div><div class=\"vce-row-container\" data-vce-boxed-width=\"true\"><div class=\"vce-row vce-row--col-gap-0 pl-415 pr-454 pb-30 pt-20 vce-row-equal-height vce-row-content--top\" id=\"el-7dcd1cf6\" data-vce-do-apply=\"all el-7dcd1cf6\"><div class=\"vce-row-content\" data-vce-element-content=\"true\"><div class=\"vce-col vce-col--xs-100p vce-col--xs-visible vce-col--xs-last vce-col--xs-first vce-col--sm-100p vce-col--sm-visible vce-col--sm-last vce-col--sm-first vce-col--md-70p vce-col--md-visible vce-col--md-first vce-col--lg-70p vce-col--lg-visible vce-col--lg-first vce-col--xl-70p vce-col--xl-visible vce-col--xl-first pt-125 pr-65 npr\" id=\"el-12d7c47f\"><div class=\"vce-col-inner\" data-vce-do-apply=\"border margin background  el-12d7c47f\"><div class=\"vce-col-content\" data-vce-element-content=\"true\" data-vce-do-apply=\"padding el-12d7c47f\"><\/div><\/div><\/div><div class=\"vce-col vce-col--xs-100p vce-col--xs-visible vce-col--xs-last vce-col--xs-first vce-col--sm-100p vce-col--sm-visible vce-col--sm-last vce-col--sm-first vce-col--md-30p vce-col--md-visible vce-col--md-last vce-col--lg-30p vce-col--lg-visible vce-col--lg-last vce-col--xl-30p vce-col--xl-visible vce-col--xl-last pt-125 \" id=\"el-a5b4afdd\"><div class=\"vce-col-inner\" data-vce-do-apply=\"border margin background  el-a5b4afdd\"><div class=\"vce-col-content\" data-vce-element-content=\"true\" data-vce-do-apply=\"padding el-a5b4afdd\"><\/div><\/div><\/div><\/div><\/div><\/div><div class=\"vce-text-block breadcrumb-bloc pl-415 pr-454 pb-40\"><div class=\"vce-text-block-wrapper vce\" id=\"el-312bea93\" data-vce-do-apply=\"all el-312bea93\"><span><span><a href=\"https:\/\/centredentaireanjou.ca\/en\/\">Accueil<\/a><\/span><\/span><\/div><\/div><\/div><\/div><\/div><\/div><\/div><\/div><div class=\"vce-row-container\" data-vce-boxed-width=\"true\"><div class=\"vce-row vce-element--has-background vce-row--col-gap-30 bloc-contact-moyen vce-row-equal-height vce-row-content--top\" id=\"el-81dde7ca\" data-vce-do-apply=\"all el-81dde7ca\"><div class=\"vce-content-background-container\"><\/div><div class=\"vce-row-content\" data-vce-element-content=\"true\"><div class=\"vce-col vce-col--md-auto vce-col--xs-1 vce-col--xs-last vce-col--xs-first vce-col--sm-last vce-col--sm-first vce-col--md-last vce-col--lg-last vce-col--xl-last vce-col--md-first vce-col--lg-first vce-col--xl-first\" id=\"el-eb7826f0\"><div class=\"vce-col-inner\" data-vce-do-apply=\"border margin background  el-eb7826f0\"><div class=\"vce-col-content\" data-vce-element-content=\"true\" data-vce-do-apply=\"padding el-eb7826f0\"><div class=\"vce-text-block\"><div class=\"vce-text-block-wrapper vce\" id=\"el-950b6218\" data-vce-do-apply=\"all el-950b6218\"><div class=\"wsp-container\"><h2 class=\"wsp-pages-title\">Pages<\/h2>\n<ul class=\"wsp-pages-list\">\n<li class=\"page_item page-item-2498\"><a href=\"https:\/\/centredentaireanjou.ca\/en\/bone-graft\/\">Bone Graft<\/a><\/li>\n<li class=\"page_item page-item-4747\"><a href=\"https:\/\/centredentaireanjou.ca\/en\/botox-injections\/\">Botox injections<\/a><\/li>\n<li class=\"page_item page-item-3650\"><a href=\"https:\/\/centredentaireanjou.ca\/en\/canadian-public-dental-insurance\/\">Canadian Public Dental Insurance<\/a><\/li>\n<li class=\"page_item page-item-3995\"><a href=\"https:\/\/centredentaireanjou.ca\/en\/careers\/\">Careers<\/a><\/li>\n<li class=\"page_item page-item-1605\"><a href=\"https:\/\/centredentaireanjou.ca\/en\/contact\/\">Contact<\/a><\/li>\n<li class=\"page_item page-item-2133\"><a href=\"https:\/\/centredentaireanjou.ca\/en\/covid-19-measures\/\">COVID-19 Measures<\/a><\/li>\n<li class=\"page_item page-item-1613\"><a href=\"https:\/\/centredentaireanjou.ca\/en\/crown-and-bridge\/\">Crown and Bridge<\/a><\/li>\n<li class=\"page_item page-item-1636\"><a href=\"https:\/\/centredentaireanjou.ca\/en\/dental-emergency-montreal\/\">Dental emergencies<\/a><\/li>\n<li class=\"page_item page-item-1647\"><a href=\"https:\/\/centredentaireanjou.ca\/en\/dental-exam-and-cleaning\/\">Dental exam and cleaning<\/a><\/li>\n<li class=\"page_item page-item-1694\"><a href=\"https:\/\/centredentaireanjou.ca\/en\/dental-implants\/\">Dental implants<\/a><\/li>\n<li class=\"page_item page-item-1703\"><a href=\"https:\/\/centredentaireanjou.ca\/en\/dental-prosthesis\/\">Dental prostheses<\/a><\/li>\n<li class=\"page_item page-item-1709\"><a href=\"https:\/\/centredentaireanjou.ca\/en\/dental-restorations\/\">Dental restorations<\/a><\/li>\n<li class=\"page_item page-item-1720\"><a href=\"https:\/\/centredentaireanjou.ca\/en\/dental-veneers\/\">Dental veneers<\/a><\/li>\n<li class=\"page_item page-item-2145\"><a href=\"https:\/\/centredentaireanjou.ca\/en\/denturologist\/\">Denturologist<\/a><\/li>\n<li class=\"page_item page-item-2192\"><a href=\"https:\/\/centredentaireanjou.ca\/en\/early-childhood-caries\/\">Early childhood caries<\/a><\/li>\n<li class=\"page_item page-item-2158\"><a href=\"https:\/\/centredentaireanjou.ca\/en\/endodontics\/\">Endodontics<\/a><\/li>\n<li class=\"page_item page-item-2166\"><a href=\"https:\/\/centredentaireanjou.ca\/en\/extraction-wisdom-teeth\/\">Extraction of Wisdom Teeth<\/a><\/li>\n<li class=\"page_item page-item-2207\"><a href=\"https:\/\/centredentaireanjou.ca\/en\/family-dentistry\/\">Family Dentistry<\/a><\/li>\n<li class=\"page_item page-item-1729\"><a href=\"https:\/\/centredentaireanjou.ca\/en\/general-anesthesia\/\">General anesthesia<\/a><\/li>\n<li class=\"page_item page-item-2180\"><a href=\"https:\/\/centredentaireanjou.ca\/en\/general-anesthesia-in-dentistry\/\">General Anesthesia in Dentistry<\/a><\/li>\n<li class=\"page_item page-item-1824\"><a href=\"https:\/\/centredentaireanjou.ca\/en\/gum-graft\/\">Gum Graft<\/a><\/li>\n<li class=\"page_item page-item-1599\"><a href=\"https:\/\/centredentaireanjou.ca\/en\/\">home<\/a><\/li>\n<li class=\"page_item page-item-1836\"><a href=\"https:\/\/centredentaireanjou.ca\/en\/invisalign\/\">Invisalign<\/a><\/li>\n<li class=\"page_item page-item-2171\"><a href=\"https:\/\/centredentaireanjou.ca\/en\/maxillofacial-surgeon\/\">Maxillofacial Surgeon<\/a><\/li>\n<li class=\"page_item page-item-1858\"><a href=\"https:\/\/centredentaireanjou.ca\/en\/nitrous-oxide-sedation\/\">Nitrous oxide sedation<\/a><\/li>\n<li class=\"page_item page-item-1864\"><a href=\"https:\/\/centredentaireanjou.ca\/en\/orthodontics\/\">Orthodontics<\/a><\/li>\n<li class=\"page_item page-item-1845\"><a href=\"https:\/\/centredentaireanjou.ca\/en\/orthodontics-for-children\/\">Orthodontics for Children<\/a><\/li>\n<li class=\"page_item page-item-2186\"><a href=\"https:\/\/centredentaireanjou.ca\/en\/orthodontist\/\">Orthodontist<\/a><\/li>\n<li class=\"page_item page-item-2201\"><a href=\"https:\/\/centredentaireanjou.ca\/en\/our-dental-care-for-children\/\">Our Dental Care for Children<\/a><\/li>\n<li class=\"page_item page-item-1874\"><a href=\"https:\/\/centredentaireanjou.ca\/en\/our-team\/\">Our team<\/a><\/li>\n<li class=\"page_item page-item-2220\"><a href=\"https:\/\/centredentaireanjou.ca\/en\/pediatric-dentist\/\">Pediatric Dentistry<\/a><\/li>\n<li class=\"page_item page-item-1852\"><a href=\"https:\/\/centredentaireanjou.ca\/en\/periodontal-care\/\">Periodontal Care<\/a><\/li>\n<li class=\"page_item page-item-2103\"><a href=\"https:\/\/centredentaireanjou.ca\/en\/periodontal-disease\/\">Periodontal disease<\/a><\/li>\n<li class=\"page_item page-item-1627\"><a href=\"https:\/\/centredentaireanjou.ca\/en\/dental-clinic-for-children\/\">Preparing my child for his dental visit<\/a><\/li>\n<li class=\"page_item page-item-2542\"><a href=\"https:\/\/centredentaireanjou.ca\/en\/reference-procedure\/\">reference procedure<\/a><\/li>\n<li class=\"page_item page-item-2110\"><a href=\"https:\/\/centredentaireanjou.ca\/en\/root-canal-treatment\/\">Root canal treatment<\/a><\/li>\n<li class=\"page_item page-item-2842\"><a href=\"https:\/\/centredentaireanjou.ca\/en\/site-map\/\">Site map<\/a><\/li>\n<li class=\"page_item page-item-2118\"><a href=\"https:\/\/centredentaireanjou.ca\/en\/technologies\/\">Technologies<\/a><\/li>\n<li class=\"page_item page-item-2152\"><a href=\"https:\/\/centredentaireanjou.ca\/en\/tooth-whitening\/\">Tooth whitening<\/a><\/li>\n<li class=\"page_item page-item-2659\"><a href=\"https:\/\/centredentaireanjou.ca\/en\/wisdom-teeth\/\">Wisdom Teeth<\/a><\/li>\n<\/ul>\n<h2 class=\"wsp-actualites-title\">Actualit\u00e9s<\/h2>\n<ul class=\"wsp-actualites-list\">\n<li><a href=\"https:\/\/centredentaireanjou.ca\/en\/actualite\/le-centre-dentaire-anjou-obtient-la-certification-employeur-elite-un-engagement-vers-le-bien-etre-de-son-equipe-et-de-ses-patients\/\">Le Centre Dentaire Anjou obtient la certification Employeur \u00c9lite : un engagement vers le bien-\u00eatre de son \u00e9quipe et de ses patients<\/a><\/li>\n<\/ul>\n<\/div><\/div><\/div><\/div><\/div><\/div><\/div><\/div><\/div>\n","protected":false},"excerpt":{"rendered":"<p>Site map(514) 254-2000rendez-vous en ligne<\/p>\n","protected":false},"author":1,"featured_media":0,"parent":0,"menu_order":0,"comment_status":"closed","ping_status":"closed","template":"","meta":{"_acf_changed":false,"footnotes":""},"class_list":["post-2842","page","type-page","status-publish","hentry"],"acf":[],"yoast_head":"<!-- This site is optimized with the Yoast SEO plugin v27.4 - https:\/\/yoast.com\/product\/yoast-seo-wordpress\/ -->\n<title>Site map - Centre Dentaire Anjou<\/title>\n<meta name=\"robots\" content=\"index, follow, max-snippet:-1, max-image-preview:large, max-video-preview:-1\" \/>\n<link rel=\"canonical\" href=\"https:\/\/centredentaireanjou.ca\/en\/site-map\/\" \/>\n<meta property=\"og:locale\" content=\"en_US\" \/>\n<meta property=\"og:type\" content=\"article\" \/>\n<meta property=\"og:title\" content=\"Site map - Centre Dentaire Anjou\" \/>\n<meta property=\"og:description\" content=\"Site map(514) 254-2000rendez-vous en ligne\" \/>\n<meta property=\"og:url\" content=\"https:\/\/centredentaireanjou.ca\/en\/site-map\/\" \/>\n<meta property=\"og:site_name\" content=\"Centre Dentaire Anjou\" \/>\n<meta property=\"article:modified_time\" content=\"2021-07-27T13:33:48+00:00\" \/>\n<meta property=\"og:image\" content=\"http:\/\/|!|vcvUploadUrl|!|\/2021\/05\/header-contact.jpg\" \/>\n<meta name=\"twitter:card\" content=\"summary_large_image\" \/>\n<script type=\"application\/ld+json\" class=\"yoast-schema-graph\">{\"@context\":\"https:\\\/\\\/schema.org\",\"@graph\":[{\"@type\":\"WebPage\",\"@id\":\"https:\\\/\\\/centredentaireanjou.ca\\\/en\\\/site-map\\\/\",\"url\":\"https:\\\/\\\/centredentaireanjou.ca\\\/en\\\/site-map\\\/\",\"name\":\"Site map - Centre Dentaire Anjou\",\"isPartOf\":{\"@id\":\"https:\\\/\\\/centredentaireanjou.ca\\\/en\\\/#website\"},\"datePublished\":\"2021-07-06T15:03:10+00:00\",\"dateModified\":\"2021-07-27T13:33:48+00:00\",\"breadcrumb\":{\"@id\":\"https:\\\/\\\/centredentaireanjou.ca\\\/en\\\/site-map\\\/#breadcrumb\"},\"inLanguage\":\"en-US\",\"potentialAction\":[{\"@type\":\"ReadAction\",\"target\":[\"https:\\\/\\\/centredentaireanjou.ca\\\/en\\\/site-map\\\/\"]}]},{\"@type\":\"BreadcrumbList\",\"@id\":\"https:\\\/\\\/centredentaireanjou.ca\\\/en\\\/site-map\\\/#breadcrumb\",\"itemListElement\":[{\"@type\":\"ListItem\",\"position\":1,\"name\":\"Accueil\",\"item\":\"https:\\\/\\\/centredentaireanjou.ca\\\/en\\\/\"},{\"@type\":\"ListItem\",\"position\":2,\"name\":\"Site map\"}]},{\"@type\":\"WebSite\",\"@id\":\"https:\\\/\\\/centredentaireanjou.ca\\\/en\\\/#website\",\"url\":\"https:\\\/\\\/centredentaireanjou.ca\\\/en\\\/\",\"name\":\"Centre Dentaire Anjou\",\"description\":\"\",\"publisher\":{\"@id\":\"https:\\\/\\\/centredentaireanjou.ca\\\/en\\\/#organization\"},\"potentialAction\":[{\"@type\":\"SearchAction\",\"target\":{\"@type\":\"EntryPoint\",\"urlTemplate\":\"https:\\\/\\\/centredentaireanjou.ca\\\/en\\\/?s={search_term_string}\"},\"query-input\":{\"@type\":\"PropertyValueSpecification\",\"valueRequired\":true,\"valueName\":\"search_term_string\"}}],\"inLanguage\":\"en-US\"},{\"@type\":\"Organization\",\"@id\":\"https:\\\/\\\/centredentaireanjou.ca\\\/en\\\/#organization\",\"name\":\"Centre Dentaire Anjou\",\"url\":\"https:\\\/\\\/centredentaireanjou.ca\\\/en\\\/\",\"logo\":{\"@type\":\"ImageObject\",\"inLanguage\":\"en-US\",\"@id\":\"https:\\\/\\\/centredentaireanjou.ca\\\/en\\\/#\\\/schema\\\/logo\\\/image\\\/\",\"url\":\"https:\\\/\\\/centredentaireanjou.ca\\\/wp-content\\\/uploads\\\/2021\\\/05\\\/logo-Anjou.png\",\"contentUrl\":\"https:\\\/\\\/centredentaireanjou.ca\\\/wp-content\\\/uploads\\\/2021\\\/05\\\/logo-Anjou.png\",\"width\":277,\"height\":103,\"caption\":\"Centre Dentaire Anjou\"},\"image\":{\"@id\":\"https:\\\/\\\/centredentaireanjou.ca\\\/en\\\/#\\\/schema\\\/logo\\\/image\\\/\"}}]}<\/script>\n<!-- \/ Yoast SEO plugin. -->","yoast_head_json":{"title":"Site map - Centre Dentaire Anjou","robots":{"index":"index","follow":"follow","max-snippet":"max-snippet:-1","max-image-preview":"max-image-preview:large","max-video-preview":"max-video-preview:-1"},"canonical":"https:\/\/centredentaireanjou.ca\/en\/site-map\/","og_locale":"en_US","og_type":"article","og_title":"Site map - Centre Dentaire Anjou","og_description":"Site map(514) 254-2000rendez-vous en ligne","og_url":"https:\/\/centredentaireanjou.ca\/en\/site-map\/","og_site_name":"Centre Dentaire Anjou","article_modified_time":"2021-07-27T13:33:48+00:00","og_image":[{"url":"|!|vcvUploadUrl|!|\/2021\/05\/header-contact.jpg","type":"","width":"","height":""}],"twitter_card":"summary_large_image","schema":{"@context":"https:\/\/schema.org","@graph":[{"@type":"WebPage","@id":"https:\/\/centredentaireanjou.ca\/en\/site-map\/","url":"https:\/\/centredentaireanjou.ca\/en\/site-map\/","name":"Site map - Centre Dentaire Anjou","isPartOf":{"@id":"https:\/\/centredentaireanjou.ca\/en\/#website"},"datePublished":"2021-07-06T15:03:10+00:00","dateModified":"2021-07-27T13:33:48+00:00","breadcrumb":{"@id":"https:\/\/centredentaireanjou.ca\/en\/site-map\/#breadcrumb"},"inLanguage":"en-US","potentialAction":[{"@type":"ReadAction","target":["https:\/\/centredentaireanjou.ca\/en\/site-map\/"]}]},{"@type":"BreadcrumbList","@id":"https:\/\/centredentaireanjou.ca\/en\/site-map\/#breadcrumb","itemListElement":[{"@type":"ListItem","position":1,"name":"Accueil","item":"https:\/\/centredentaireanjou.ca\/en\/"},{"@type":"ListItem","position":2,"name":"Site map"}]},{"@type":"WebSite","@id":"https:\/\/centredentaireanjou.ca\/en\/#website","url":"https:\/\/centredentaireanjou.ca\/en\/","name":"Centre Dentaire Anjou","description":"","publisher":{"@id":"https:\/\/centredentaireanjou.ca\/en\/#organization"},"potentialAction":[{"@type":"SearchAction","target":{"@type":"EntryPoint","urlTemplate":"https:\/\/centredentaireanjou.ca\/en\/?s={search_term_string}"},"query-input":{"@type":"PropertyValueSpecification","valueRequired":true,"valueName":"search_term_string"}}],"inLanguage":"en-US"},{"@type":"Organization","@id":"https:\/\/centredentaireanjou.ca\/en\/#organization","name":"Centre Dentaire Anjou","url":"https:\/\/centredentaireanjou.ca\/en\/","logo":{"@type":"ImageObject","inLanguage":"en-US","@id":"https:\/\/centredentaireanjou.ca\/en\/#\/schema\/logo\/image\/","url":"https:\/\/centredentaireanjou.ca\/wp-content\/uploads\/2021\/05\/logo-Anjou.png","contentUrl":"https:\/\/centredentaireanjou.ca\/wp-content\/uploads\/2021\/05\/logo-Anjou.png","width":277,"height":103,"caption":"Centre Dentaire Anjou"},"image":{"@id":"https:\/\/centredentaireanjou.ca\/en\/#\/schema\/logo\/image\/"}}]}},"_links":{"self":[{"href":"https:\/\/centredentaireanjou.ca\/en\/wp-json\/wp\/v2\/pages\/2842","targetHints":{"allow":["GET"]}}],"collection":[{"href":"https:\/\/centredentaireanjou.ca\/en\/wp-json\/wp\/v2\/pages"}],"about":[{"href":"https:\/\/centredentaireanjou.ca\/en\/wp-json\/wp\/v2\/types\/page"}],"author":[{"embeddable":true,"href":"https:\/\/centredentaireanjou.ca\/en\/wp-json\/wp\/v2\/users\/1"}],"replies":[{"embeddable":true,"href":"https:\/\/centredentaireanjou.ca\/en\/wp-json\/wp\/v2\/comments?post=2842"}],"version-history":[{"count":0,"href":"https:\/\/centredentaireanjou.ca\/en\/wp-json\/wp\/v2\/pages\/2842\/revisions"}],"wp:attachment":[{"href":"https:\/\/centredentaireanjou.ca\/en\/wp-json\/wp\/v2\/media?parent=2842"}],"curies":[{"name":"wp","href":"https:\/\/api.w.org\/{rel}","templated":true}]}}